{"id":10,"date":"2018-09-26T18:31:38","date_gmt":"2018-09-26T18:31:38","guid":{"rendered":"https:\/\/www.oftalmocarazinho.com.br\/site\/?page_id=10"},"modified":"2024-10-18T01:20:13","modified_gmt":"2024-10-18T04:20:13","slug":"clinica","status":"publish","type":"page","link":"https:\/\/www.oftalmocarazinho.com.br\/site\/clinica\/","title":{"rendered":"Institucional"},"content":{"rendered":"<p>Moderna cl\u00ednica fundada em 2014 na cidade de Carazinho\/RS, a Oftalmo Centro de Carazinho conta com localiza\u00e7\u00e3o privilegiada no centro da cidade e mais de 300m\u00b2 dedicados \u00e0 oftalmologia, a cl\u00ednica Oftalmo Centro Carazinho re\u00fane gabaritado corpo cl\u00ednico e a mais alta tecnologia em diagn\u00f3stico e tratamento oftalmol\u00f3gico em um \u00fanico espa\u00e7o.<\/p>\n<p>Sob responsabilidade t\u00e9cnica do m\u00e9dico oftalmologista Dr. C\u00e1ssio Vendramin,\u00a0cl\u00ednica nasceu com o objetivo de proporcionar aos pacientes do interior do estado um atendimento diferenciado e a facilidade de ter o diagn\u00f3stico de forma descomplicada a poucos passos do consult\u00f3rio.\u00a0Contamos com instala\u00e7\u00f5es modernas e atendimento de qualidade por parte de todos os colaboradores.<\/p>\n<p>A Oftalmo Centro de Carazinho conta com tr\u00eas especialidades cl\u00ednicas como Segmento\u00a0Anterior (c\u00f3rnea), Segmento Posterior (retina), Oftalmopediatria\u00a0e com um Centro Diagn\u00f3stico no mesmo local, proporcionando aos pacientes conforto, comodidade e rapidez em seu tratamento.<\/p>\n<p>O nosso objetivo \u00e9 de lhe oferecer um servi\u00e7o especializado de alto padr\u00e3o, agregando as mais avan\u00e7adas tecnologias oftalmol\u00f3gicas existentes no mundo, proporcionando conforto aos pacientes, comodidade e rapidez em seu tratamento.<\/p>\n<div class=\"foogallery foogallery-container foogallery-default foogallery-lightbox-foobox fg-gutter-10 fg-center fg-default fg-dark fg-border-thin fg-round-large fg-shadow-small fg-shadow-inset-medium fg-loading-default fg-loaded-fade-in fg-custom   fg-caption-hover fg-hover-fade fg-hover-zoom\" id=\"foogallery-gallery-143\" data-foogallery=\"{&quot;item&quot;:{&quot;showCaptionTitle&quot;:true,&quot;showCaptionDescription&quot;:true},&quot;lazy&quot;:true,&quot;src&quot;:&quot;data-src-fg&quot;,&quot;srcset&quot;:&quot;data-srcset-fg&quot;}\" data-fg-common-fields=\"1\" >\n\t<div class=\"fg-item\"><figure class=\"fg-item-inner\"><a  href=\"https:\/\/www.oftalmocarazinho.com.br\/site\/wp-content\/uploads\/2018\/12\/oftalmoCentro2019_1.jpg\" data-attachment-id=\"169\" class=\" fg-thumb\"><img  width=\"250\" height=\"150\" data-src-fg=\"https:\/\/www.oftalmocarazinho.com.br\/site\/wp-content\/uploads\/cache\/2018\/12\/oftalmoCentro2019_1\/416422863.jpg\" class=\"fg-image\" \/><\/a><figcaption class=\"fg-caption\"><div class=\"fg-caption-inner\"><\/div><\/figcaption><\/figure><\/div><div class=\"fg-item\"><figure class=\"fg-item-inner\"><a  href=\"https:\/\/www.oftalmocarazinho.com.br\/site\/wp-content\/uploads\/2018\/12\/oftalmoCentro2019_4.jpg\" data-attachment-id=\"170\" class=\" fg-thumb\"><img  width=\"250\" height=\"150\" data-src-fg=\"https:\/\/www.oftalmocarazinho.com.br\/site\/wp-content\/uploads\/cache\/2018\/12\/oftalmoCentro2019_4\/1420308170.jpg\" class=\"fg-image\" \/><\/a><figcaption class=\"fg-caption\"><div class=\"fg-caption-inner\"><\/div><\/figcaption><\/figure><\/div><div class=\"fg-item\"><figure class=\"fg-item-inner\"><a  href=\"https:\/\/www.oftalmocarazinho.com.br\/site\/wp-content\/uploads\/2018\/12\/oftalmoCentro2019_11.jpg\" data-attachment-id=\"171\" class=\" fg-thumb\"><img  width=\"250\" height=\"150\" data-src-fg=\"https:\/\/www.oftalmocarazinho.com.br\/site\/wp-content\/uploads\/cache\/2018\/12\/oftalmoCentro2019_11\/127097394.jpg\" class=\"fg-image\" \/><\/a><figcaption class=\"fg-caption\"><div class=\"fg-caption-inner\"><\/div><\/figcaption><\/figure><\/div><div class=\"fg-item\"><figure class=\"fg-item-inner\"><a  href=\"https:\/\/www.oftalmocarazinho.com.br\/site\/wp-content\/uploads\/2018\/12\/oftalmoCentro2019_12.jpg\" data-attachment-id=\"172\" class=\" fg-thumb\"><img  width=\"250\" height=\"150\" data-src-fg=\"https:\/\/www.oftalmocarazinho.com.br\/site\/wp-content\/uploads\/cache\/2018\/12\/oftalmoCentro2019_12\/585603940.jpg\" class=\"fg-image\" \/><\/a><figcaption class=\"fg-caption\"><div class=\"fg-caption-inner\"><\/div><\/figcaption><\/figure><\/div><div class=\"fg-item\"><figure class=\"fg-item-inner\"><a  href=\"https:\/\/www.oftalmocarazinho.com.br\/site\/wp-content\/uploads\/2018\/12\/oftalmoCentro2019_19.jpg\" data-attachment-id=\"173\" class=\" fg-thumb\"><img  width=\"250\" height=\"150\" data-src-fg=\"https:\/\/www.oftalmocarazinho.com.br\/site\/wp-content\/uploads\/cache\/2018\/12\/oftalmoCentro2019_19\/2952018078.jpg\" class=\"fg-image\" \/><\/a><figcaption class=\"fg-caption\"><div class=\"fg-caption-inner\"><\/div><\/figcaption><\/figure><\/div><div class=\"fg-item\"><figure class=\"fg-item-inner\"><a  href=\"https:\/\/www.oftalmocarazinho.com.br\/site\/wp-content\/uploads\/2018\/12\/oftalmoCentro2019_21.jpg\" data-attachment-id=\"174\" class=\" fg-thumb\"><img  width=\"250\" height=\"150\" data-src-fg=\"https:\/\/www.oftalmocarazinho.com.br\/site\/wp-content\/uploads\/cache\/2018\/12\/oftalmoCentro2019_21\/425929577.jpg\" class=\"fg-image\" \/><\/a><figcaption class=\"fg-caption\"><div class=\"fg-caption-inner\"><\/div><\/figcaption><\/figure><\/div><div class=\"fg-item\"><figure class=\"fg-item-inner\"><a  href=\"https:\/\/www.oftalmocarazinho.com.br\/site\/wp-content\/uploads\/2018\/12\/oftalmoCentro2019_22.jpg\" data-attachment-id=\"175\" class=\" fg-thumb\"><img  width=\"250\" height=\"150\" data-src-fg=\"https:\/\/www.oftalmocarazinho.com.br\/site\/wp-content\/uploads\/cache\/2018\/12\/oftalmoCentro2019_22\/1200984870.jpg\" class=\"fg-image\" \/><\/a><figcaption class=\"fg-caption\"><div class=\"fg-caption-inner\"><\/div><\/figcaption><\/figure><\/div><div class=\"fg-item\"><figure class=\"fg-item-inner\"><a  href=\"https:\/\/www.oftalmocarazinho.com.br\/site\/wp-content\/uploads\/2018\/12\/oftalmoCentro2019_29.jpg\" data-attachment-id=\"146\" class=\" fg-thumb\"><img  width=\"250\" height=\"150\" data-src-fg=\"https:\/\/www.oftalmocarazinho.com.br\/site\/wp-content\/uploads\/cache\/2018\/12\/oftalmoCentro2019_29\/178582784.jpg\" class=\"fg-image\" \/><\/a><figcaption class=\"fg-caption\"><div class=\"fg-caption-inner\"><\/div><\/figcaption><\/figure><\/div><div class=\"fg-item\"><figure class=\"fg-item-inner\"><a  href=\"https:\/\/www.oftalmocarazinho.com.br\/site\/wp-content\/uploads\/2018\/12\/oftalmoCentro2019_41.jpg\" data-attachment-id=\"150\" class=\" fg-thumb\"><img  width=\"250\" height=\"150\" data-src-fg=\"https:\/\/www.oftalmocarazinho.com.br\/site\/wp-content\/uploads\/cache\/2018\/12\/oftalmoCentro2019_41\/4184705640.jpg\" class=\"fg-image\" \/><\/a><figcaption class=\"fg-caption\"><div class=\"fg-caption-inner\"><\/div><\/figcaption><\/figure><\/div><div class=\"fg-item\"><figure class=\"fg-item-inner\"><a  href=\"https:\/\/www.oftalmocarazinho.com.br\/site\/wp-content\/uploads\/2018\/12\/oftalmoCentro2019_43.jpg\" data-attachment-id=\"151\" class=\" fg-thumb\"><img  width=\"250\" height=\"150\" data-src-fg=\"https:\/\/www.oftalmocarazinho.com.br\/site\/wp-content\/uploads\/cache\/2018\/12\/oftalmoCentro2019_43\/1798386361.jpg\" class=\"fg-image\" \/><\/a><figcaption class=\"fg-caption\"><div class=\"fg-caption-inner\"><\/div><\/figcaption><\/figure><\/div><div class=\"fg-item\"><figure class=\"fg-item-inner\"><a  href=\"https:\/\/www.oftalmocarazinho.com.br\/site\/wp-content\/uploads\/2018\/12\/oftalmoCentro2019_78.jpg\" data-attachment-id=\"147\" class=\" fg-thumb\"><img  width=\"250\" height=\"150\" data-src-fg=\"https:\/\/www.oftalmocarazinho.com.br\/site\/wp-content\/uploads\/cache\/2018\/12\/oftalmoCentro2019_78\/1558187901.jpg\" class=\"fg-image\" \/><\/a><figcaption class=\"fg-caption\"><div class=\"fg-caption-inner\"><\/div><\/figcaption><\/figure><\/div><div class=\"fg-item\"><figure class=\"fg-item-inner\"><a  href=\"https:\/\/www.oftalmocarazinho.com.br\/site\/wp-content\/uploads\/2018\/12\/oftalmoCentro2019_90.jpg\" data-attachment-id=\"148\" class=\" fg-thumb\"><img  width=\"250\" height=\"150\" data-src-fg=\"https:\/\/www.oftalmocarazinho.com.br\/site\/wp-content\/uploads\/cache\/2018\/12\/oftalmoCentro2019_90\/775952888.jpg\" class=\"fg-image\" \/><\/a><figcaption class=\"fg-caption\"><div class=\"fg-caption-inner\"><\/div><\/figcaption><\/figure><\/div><div class=\"fg-item\"><figure class=\"fg-item-inner\"><a  href=\"https:\/\/www.oftalmocarazinho.com.br\/site\/wp-content\/uploads\/2018\/12\/oftalmoCentro2019_94.jpg\" data-attachment-id=\"149\" class=\" fg-thumb\"><img  width=\"250\" height=\"150\" data-src-fg=\"https:\/\/www.oftalmocarazinho.com.br\/site\/wp-content\/uploads\/cache\/2018\/12\/oftalmoCentro2019_94\/2054400174.jpg\" class=\"fg-image\" \/><\/a><figcaption class=\"fg-caption\"><div class=\"fg-caption-inner\"><\/div><\/figcaption><\/figure><\/div><div class=\"fg-item\"><figure class=\"fg-item-inner\"><a  href=\"https:\/\/www.oftalmocarazinho.com.br\/site\/wp-content\/uploads\/2018\/12\/oftalmoCentro2019_67.jpg\" data-attachment-id=\"152\" class=\" fg-thumb\"><img  width=\"250\" height=\"150\" data-src-fg=\"https:\/\/www.oftalmocarazinho.com.br\/site\/wp-content\/uploads\/cache\/2018\/12\/oftalmoCentro2019_67\/1786172016.jpg\" class=\"fg-image\" \/><\/a><figcaption class=\"fg-caption\"><div class=\"fg-caption-inner\"><\/div><\/figcaption><\/figure><\/div><div class=\"fg-item\"><figure class=\"fg-item-inner\"><a  href=\"https:\/\/www.oftalmocarazinho.com.br\/site\/wp-content\/uploads\/2018\/12\/oftalmoCentro2019_73.jpg\" data-attachment-id=\"153\" class=\" fg-thumb\"><img  width=\"250\" height=\"150\" data-src-fg=\"https:\/\/www.oftalmocarazinho.com.br\/site\/wp-content\/uploads\/cache\/2018\/12\/oftalmoCentro2019_73\/691959653.jpg\" class=\"fg-image\" \/><\/a><figcaption class=\"fg-caption\"><div class=\"fg-caption-inner\"><\/div><\/figcaption><\/figure><\/div><div class=\"fg-item\"><figure class=\"fg-item-inner\"><a  href=\"https:\/\/www.oftalmocarazinho.com.br\/site\/wp-content\/uploads\/2018\/12\/oftalmoCentro2019_77.jpg\" data-attachment-id=\"154\" class=\" fg-thumb\"><img  width=\"250\" height=\"150\" data-src-fg=\"https:\/\/www.oftalmocarazinho.com.br\/site\/wp-content\/uploads\/cache\/2018\/12\/oftalmoCentro2019_77\/4052438296.jpg\" class=\"fg-image\" \/><\/a><figcaption class=\"fg-caption\"><div class=\"fg-caption-inner\"><\/div><\/figcaption><\/figure><\/div><div class=\"fg-item\"><figure class=\"fg-item-inner\"><a  href=\"https:\/\/www.oftalmocarazinho.com.br\/site\/wp-content\/uploads\/2018\/12\/oftalmoCentro2019_62.jpg\" data-attachment-id=\"155\" class=\" fg-thumb\"><img  width=\"250\" height=\"150\" data-src-fg=\"https:\/\/www.oftalmocarazinho.com.br\/site\/wp-content\/uploads\/cache\/2018\/12\/oftalmoCentro2019_62\/2120870035.jpg\" class=\"fg-image\" \/><\/a><figcaption class=\"fg-caption\"><div class=\"fg-caption-inner\"><\/div><\/figcaption><\/figure><\/div><div class=\"fg-item\"><figure class=\"fg-item-inner\"><a  href=\"https:\/\/www.oftalmocarazinho.com.br\/site\/wp-content\/uploads\/2018\/12\/oftalmoCentro2019_64.jpg\" data-attachment-id=\"156\" class=\" fg-thumb\"><img  width=\"250\" height=\"150\" data-src-fg=\"https:\/\/www.oftalmocarazinho.com.br\/site\/wp-content\/uploads\/cache\/2018\/12\/oftalmoCentro2019_64\/335357857.jpg\" class=\"fg-image\" \/><\/a><figcaption class=\"fg-caption\"><div class=\"fg-caption-inner\"><\/div><\/figcaption><\/figure><\/div><div class=\"fg-item\"><figure class=\"fg-item-inner\"><a  href=\"https:\/\/www.oftalmocarazinho.com.br\/site\/wp-content\/uploads\/2018\/12\/oftalmoCentro2019_182.jpg\" data-attachment-id=\"157\" class=\" fg-thumb\"><img  width=\"250\" height=\"150\" data-src-fg=\"https:\/\/www.oftalmocarazinho.com.br\/site\/wp-content\/uploads\/cache\/2018\/12\/oftalmoCentro2019_182\/2430430416.jpg\" class=\"fg-image\" \/><\/a><figcaption class=\"fg-caption\"><div class=\"fg-caption-inner\"><\/div><\/figcaption><\/figure><\/div><div class=\"fg-item\"><figure class=\"fg-item-inner\"><a  href=\"https:\/\/www.oftalmocarazinho.com.br\/site\/wp-content\/uploads\/2018\/12\/oftalmoCentro2019_195.jpg\" data-attachment-id=\"158\" class=\" fg-thumb\"><img  width=\"250\" height=\"150\" data-src-fg=\"https:\/\/www.oftalmocarazinho.com.br\/site\/wp-content\/uploads\/cache\/2018\/12\/oftalmoCentro2019_195\/3050452120.jpg\" class=\"fg-image\" \/><\/a><figcaption class=\"fg-caption\"><div class=\"fg-caption-inner\"><\/div><\/figcaption><\/figure><\/div><div class=\"fg-item\"><figure class=\"fg-item-inner\"><a  href=\"https:\/\/www.oftalmocarazinho.com.br\/site\/wp-content\/uploads\/2018\/12\/oftalmoCentro2019_109.jpg\" data-attachment-id=\"159\" class=\" fg-thumb\"><img  width=\"250\" height=\"150\" data-src-fg=\"https:\/\/www.oftalmocarazinho.com.br\/site\/wp-content\/uploads\/cache\/2018\/12\/oftalmoCentro2019_109\/2439905776.jpg\" class=\"fg-image\" \/><\/a><figcaption class=\"fg-caption\"><div class=\"fg-caption-inner\"><\/div><\/figcaption><\/figure><\/div><div class=\"fg-item\"><figure class=\"fg-item-inner\"><a  href=\"https:\/\/www.oftalmocarazinho.com.br\/site\/wp-content\/uploads\/2018\/12\/oftalmoCentro2019_191.jpg\" data-attachment-id=\"160\" class=\" fg-thumb\"><img  width=\"250\" height=\"150\" data-src-fg=\"https:\/\/www.oftalmocarazinho.com.br\/site\/wp-content\/uploads\/cache\/2018\/12\/oftalmoCentro2019_191\/2434531396.jpg\" class=\"fg-image\" \/><\/a><figcaption class=\"fg-caption\"><div class=\"fg-caption-inner\"><\/div><\/figcaption><\/figure><\/div><div class=\"fg-item\"><figure class=\"fg-item-inner\"><a  href=\"https:\/\/www.oftalmocarazinho.com.br\/site\/wp-content\/uploads\/2018\/12\/oftalmoCentro2019_105.jpg\" data-attachment-id=\"161\" class=\" fg-thumb\"><img  width=\"250\" height=\"150\" data-src-fg=\"https:\/\/www.oftalmocarazinho.com.br\/site\/wp-content\/uploads\/cache\/2018\/12\/oftalmoCentro2019_105\/1715809945.jpg\" class=\"fg-image\" \/><\/a><figcaption class=\"fg-caption\"><div class=\"fg-caption-inner\"><\/div><\/figcaption><\/figure><\/div><div class=\"fg-item\"><figure class=\"fg-item-inner\"><a  href=\"https:\/\/www.oftalmocarazinho.com.br\/site\/wp-content\/uploads\/2018\/12\/oftalmoCentro2019_106.jpg\" data-attachment-id=\"162\" class=\" fg-thumb\"><img  width=\"250\" height=\"150\" data-src-fg=\"https:\/\/www.oftalmocarazinho.com.br\/site\/wp-content\/uploads\/cache\/2018\/12\/oftalmoCentro2019_106\/1399494079.jpg\" class=\"fg-image\" \/><\/a><figcaption class=\"fg-caption\"><div class=\"fg-caption-inner\"><\/div><\/figcaption><\/figure><\/div><div class=\"fg-item\"><figure class=\"fg-item-inner\"><a  href=\"https:\/\/www.oftalmocarazinho.com.br\/site\/wp-content\/uploads\/2018\/12\/oftalmoCentro2019_108.jpg\" data-attachment-id=\"163\" class=\" fg-thumb\"><img  width=\"250\" height=\"150\" data-src-fg=\"https:\/\/www.oftalmocarazinho.com.br\/site\/wp-content\/uploads\/cache\/2018\/12\/oftalmoCentro2019_108\/2572161521.jpg\" class=\"fg-image\" \/><\/a><figcaption class=\"fg-caption\"><div class=\"fg-caption-inner\"><\/div><\/figcaption><\/figure><\/div><div class=\"fg-item\"><figure class=\"fg-item-inner\"><a  href=\"https:\/\/www.oftalmocarazinho.com.br\/site\/wp-content\/uploads\/2018\/12\/oftalmoCentro2019_202.jpg\" data-attachment-id=\"164\" class=\" fg-thumb\"><img  width=\"250\" height=\"150\" data-src-fg=\"https:\/\/www.oftalmocarazinho.com.br\/site\/wp-content\/uploads\/cache\/2018\/12\/oftalmoCentro2019_202\/2418499469.jpg\" class=\"fg-image\" \/><\/a><figcaption class=\"fg-caption\"><div class=\"fg-caption-inner\"><\/div><\/figcaption><\/figure><\/div><div class=\"fg-item\"><figure class=\"fg-item-inner\"><a  href=\"https:\/\/www.oftalmocarazinho.com.br\/site\/wp-content\/uploads\/2018\/12\/oftalmoCentro2019_26.jpg\" data-attachment-id=\"165\" class=\" fg-thumb\"><img  width=\"250\" height=\"150\" data-src-fg=\"https:\/\/www.oftalmocarazinho.com.br\/site\/wp-content\/uploads\/cache\/2018\/12\/oftalmoCentro2019_26\/477039520.jpg\" class=\"fg-image\" \/><\/a><figcaption class=\"fg-caption\"><div class=\"fg-caption-inner\"><\/div><\/figcaption><\/figure><\/div><div class=\"fg-item\"><figure class=\"fg-item-inner\"><a  href=\"https:\/\/www.oftalmocarazinho.com.br\/site\/wp-content\/uploads\/2018\/12\/oftalmoCentro2019_28.jpg\" data-attachment-id=\"166\" class=\" fg-thumb\"><img  width=\"250\" height=\"150\" data-src-fg=\"https:\/\/www.oftalmocarazinho.com.br\/site\/wp-content\/uploads\/cache\/2018\/12\/oftalmoCentro2019_28\/2719932199.jpg\" class=\"fg-image\" \/><\/a><figcaption class=\"fg-caption\"><div class=\"fg-caption-inner\"><\/div><\/figcaption><\/figure><\/div><div class=\"fg-item\"><figure class=\"fg-item-inner\"><a  href=\"https:\/\/www.oftalmocarazinho.com.br\/site\/wp-content\/uploads\/2018\/12\/oftalmoCentro2019_53.jpg\" data-attachment-id=\"167\" class=\" fg-thumb\"><img  width=\"250\" height=\"150\" data-src-fg=\"https:\/\/www.oftalmocarazinho.com.br\/site\/wp-content\/uploads\/cache\/2018\/12\/oftalmoCentro2019_53\/1265373460.jpg\" class=\"fg-image\" \/><\/a><figcaption class=\"fg-caption\"><div class=\"fg-caption-inner\"><\/div><\/figcaption><\/figure><\/div><div class=\"fg-item\"><figure class=\"fg-item-inner\"><a  href=\"https:\/\/www.oftalmocarazinho.com.br\/site\/wp-content\/uploads\/2018\/12\/oftalmoCentro2019_61.jpg\" data-attachment-id=\"168\" class=\" fg-thumb\"><img  width=\"250\" height=\"150\" data-src-fg=\"https:\/\/www.oftalmocarazinho.com.br\/site\/wp-content\/uploads\/cache\/2018\/12\/oftalmoCentro2019_61\/1497627662.jpg\" class=\"fg-image\" \/><\/a><figcaption class=\"fg-caption\"><div class=\"fg-caption-inner\"><\/div><\/figcaption><\/figure><\/div><div class=\"fg-item\"><figure class=\"fg-item-inner\"><a  href=\"https:\/\/www.oftalmocarazinho.com.br\/site\/wp-content\/uploads\/2018\/12\/oftalmoCentro2019_99.jpg\" data-attachment-id=\"176\" class=\" fg-thumb\"><img  width=\"250\" height=\"150\" data-src-fg=\"https:\/\/www.oftalmocarazinho.com.br\/site\/wp-content\/uploads\/cache\/2018\/12\/oftalmoCentro2019_99\/861001496.jpg\" class=\"fg-image\" \/><\/a><figcaption class=\"fg-caption\"><div class=\"fg-caption-inner\"><\/div><\/figcaption><\/figure><\/div><div class=\"fg-item\"><figure class=\"fg-item-inner\"><a  href=\"https:\/\/www.oftalmocarazinho.com.br\/site\/wp-content\/uploads\/2018\/12\/oftalmoCentro2019_104.jpg\" data-attachment-id=\"177\" class=\" fg-thumb\"><img  width=\"250\" height=\"150\" data-src-fg=\"https:\/\/www.oftalmocarazinho.com.br\/site\/wp-content\/uploads\/cache\/2018\/12\/oftalmoCentro2019_104\/1605622861.jpg\" class=\"fg-image\" \/><\/a><figcaption class=\"fg-caption\"><div class=\"fg-caption-inner\"><\/div><\/figcaption><\/figure><\/div><div class=\"fg-item\"><figure class=\"fg-item-inner\"><a  href=\"https:\/\/www.oftalmocarazinho.com.br\/site\/wp-content\/uploads\/2018\/12\/oftalmoCentro2019_49.jpg\" data-attachment-id=\"178\" class=\" fg-thumb\"><img  width=\"250\" height=\"150\" data-src-fg=\"https:\/\/www.oftalmocarazinho.com.br\/site\/wp-content\/uploads\/cache\/2018\/12\/oftalmoCentro2019_49\/2078300481.jpg\" class=\"fg-image\" \/><\/a><figcaption class=\"fg-caption\"><div class=\"fg-caption-inner\"><\/div><\/figcaption><\/figure><\/div><div class=\"fg-item\"><figure class=\"fg-item-inner\"><a  href=\"https:\/\/www.oftalmocarazinho.com.br\/site\/wp-content\/uploads\/2018\/12\/oftalmoCentro2019_51.jpg\" data-attachment-id=\"179\" class=\" fg-thumb\"><img  width=\"250\" height=\"150\" data-src-fg=\"https:\/\/www.oftalmocarazinho.com.br\/site\/wp-content\/uploads\/cache\/2018\/12\/oftalmoCentro2019_51\/1862789403.jpg\" class=\"fg-image\" \/><\/a><figcaption class=\"fg-caption\"><div class=\"fg-caption-inner\"><\/div><\/figcaption><\/figure><\/div><div class=\"fg-item\"><figure class=\"fg-item-inner\"><a  href=\"https:\/\/www.oftalmocarazinho.com.br\/site\/wp-content\/uploads\/2018\/12\/oftalmoCentro2019_199.jpg\" data-attachment-id=\"180\" class=\" fg-thumb\"><img  width=\"250\" height=\"150\" data-src-fg=\"https:\/\/www.oftalmocarazinho.com.br\/site\/wp-content\/uploads\/cache\/2018\/12\/oftalmoCentro2019_199\/3893646973.jpg\" class=\"fg-image\" \/><\/a><figcaption class=\"fg-caption\"><div class=\"fg-caption-inner\"><\/div><\/figcaption><\/figure><\/div><div class=\"fg-item\"><figure class=\"fg-item-inner\"><a  href=\"https:\/\/www.oftalmocarazinho.com.br\/site\/wp-content\/uploads\/2018\/12\/oftalmoCentro2019_211.jpg\" data-attachment-id=\"144\" class=\" fg-thumb\"><img  width=\"250\" height=\"150\" data-src-fg=\"https:\/\/www.oftalmocarazinho.com.br\/site\/wp-content\/uploads\/cache\/2018\/12\/oftalmoCentro2019_211\/3138017071.jpg\" class=\"fg-image\" \/><\/a><figcaption class=\"fg-caption\"><div class=\"fg-caption-inner\"><\/div><\/figcaption><\/figure><\/div><div class=\"fg-item\"><figure class=\"fg-item-inner\"><a  href=\"https:\/\/www.oftalmocarazinho.com.br\/site\/wp-content\/uploads\/2018\/12\/oftalmoCentro2019_219-1.jpg\" data-attachment-id=\"145\" class=\" fg-thumb\"><img  width=\"250\" height=\"150\" data-src-fg=\"https:\/\/www.oftalmocarazinho.com.br\/site\/wp-content\/uploads\/cache\/2018\/12\/oftalmoCentro2019_219-1\/2989167946.jpg\" class=\"fg-image\" \/><\/a><figcaption class=\"fg-caption\"><div class=\"fg-caption-inner\"><\/div><\/figcaption><\/figure><\/div><\/div>\n\n<div style=\"display: none;\">\n<p>oftalmologista carazinho olhos carazinho, m\u00e9dico em carazinho, lentes,carazinho RS, lentes e catarata carazinho<\/p>\n<h1>lentes em carazinho,\u00a0m\u00e9dico carazinho, olhos carazinho,<\/h1>\n<h2>lentes em carazinho, oftalmologista carazinho e regi\u00e3o, olhos carazinho em carazinho, lentes m\u00e9dico carazinho, lentes em carazinho rs, lentes, para carazinho e regi\u00e3o, lentes para carazinho e regi\u00e3o\u00a0catarata carazinho de lentes em carazinho, oftalmologista carazinho e regi\u00e3o, olhos carazinho em carazinho, lentes m\u00e9dico carazinho, lentes em carazinho rs, lentes,<a title=\"catarata carazinho de lentes em carazinho, oftalmologista carazinho e regi\u00e3o, olhos carazinho em carazinho, lentes m\u00e9dico carazinho, lentes em carazinho rs, lentes, para carazinho e regi\u00e3o, lentes para carazinho e regi\u00e3o\" href=\"https:\/\/www.oftalmocarazinho.com.br\">para carazinho e regi\u00e3o, lentes para carazinho e regi\u00e3o\u00a0catarata carazinho de lentes em carazinho, oftalmologista carazinho e regi\u00e3o, olhos carazinho em carazinho, lentes m\u00e9dico carazinho, lentes em carazinho rs, lentes<\/a>, para carazinho e regi\u00e3o, lentes para carazinho e regi\u00e3o\u00a0catarata carazinho de lentes em carazinho, oftalmologista carazinho e regi\u00e3o, olhos carazinho em carazinho, lentes m\u00e9dico carazinho, lentes em carazinho rs, lentes, para carazinho e regi\u00e3o, lentes para carazinho e regi\u00e3o\u00a0catarata carazinho de lentes em carazinho, oftalmologista carazinho e regi\u00e3o, olhos carazinho em carazinho, lentes m\u00e9dico carazinho, lentes em carazinho rs, lentes, para carazinho e regi\u00e3o,<a title=\"catarata carazinho de lentes em carazinho, oftalmologista carazinho e regi\u00e3o, olhos carazinho em carazinho, lentes m\u00e9dico carazinho, lentes em carazinho rs, lentes, para carazinho e regi\u00e3o, lentes para carazinho e regi\u00e3o\" href=\"https:\/\/www.oftalmocarazinho.com.br\/site\">lentes para carazinho e regi\u00e3o\u00a0catarata carazinho de lentes em carazinho, oftalmologista carazinho e regi\u00e3o, cria\u00e7\u00e3o de sit<\/a>es em carazinho, lentes m\u00e9dico carazinho, lentes em carazinho rs, lentes, para carazinho e regi\u00e3o, lentes para carazinho e regi\u00e3o<\/h2>\n<div id=\"attachment_747\" style=\"width: 353px\" class=\"wp-caption aligncenter\"><a href=\"https:\/\/www.oftalmocarazinho.com.br\/site\/wp-content\/uploads\/2013\/06\/per\u00edcia-m\u00e9dica-passo-fundo-rs.jpg\"><img decoding=\"async\" aria-describedby=\"caption-attachment-747\" class=\"size-full wp-image-747 \" title=\"catarata carazinho de lentes em carazinho\" src=\"https:\/\/www.oftalmocarazinho.com.br\/site\/wp-content\/uploads\/2013\/06\/per\u00edcia-m\u00e9dica-passo-fundo-rs.jpg\" alt=\"catarata carazinho de lentes em carazinho\" width=\"343\" height=\"300\"  loading=\"lazy\" \/><\/a><p id=\"caption-attachment-747\" class=\"wp-caption-text\">catarata carazinho de lentes em carazinho<\/p><\/div>\n<\/div>\n","protected":false},"excerpt":{"rendered":"<p>Moderna cl\u00ednica fundada em 2014 na cidade de Carazinho\/RS, a Oftalmo Centro de Carazinho conta [&hellip;]<\/p>\n","protected":false},"author":1,"featured_media":0,"parent":0,"menu_order":0,"comment_status":"closed","ping_status":"closed","template":"","meta":{"footnotes":""},"class_list":["post-10","page","type-page","status-publish","hentry"],"_links":{"self":[{"href":"https:\/\/www.oftalmocarazinho.com.br\/site\/wp-json\/wp\/v2\/pages\/10"}],"collection":[{"href":"https:\/\/www.oftalmocarazinho.com.br\/site\/wp-json\/wp\/v2\/pages"}],"about":[{"href":"https:\/\/www.oftalmocarazinho.com.br\/site\/wp-json\/wp\/v2\/types\/page"}],"author":[{"embeddable":true,"href":"https:\/\/www.oftalmocarazinho.com.br\/site\/wp-json\/wp\/v2\/users\/1"}],"replies":[{"embeddable":true,"href":"https:\/\/www.oftalmocarazinho.com.br\/site\/wp-json\/wp\/v2\/comments?post=10"}],"version-history":[{"count":20,"href":"https:\/\/www.oftalmocarazinho.com.br\/site\/wp-json\/wp\/v2\/pages\/10\/revisions"}],"predecessor-version":[{"id":314,"href":"https:\/\/www.oftalmocarazinho.com.br\/site\/wp-json\/wp\/v2\/pages\/10\/revisions\/314"}],"wp:attachment":[{"href":"https:\/\/www.oftalmocarazinho.com.br\/site\/wp-json\/wp\/v2\/media?parent=10"}],"curies":[{"name":"wp","href":"https:\/\/api.w.org\/{rel}","templated":true}]}}